{"id":2142,"date":"2026-04-09T21:00:58","date_gmt":"2026-04-09T18:00:58","guid":{"rendered":"https:\/\/davinesferma.lt\/?page_id=2142"},"modified":"2026-04-10T09:13:03","modified_gmt":"2026-04-10T06:13:03","slug":"atsiliepimai","status":"publish","type":"page","link":"https:\/\/davinesferma.lt\/it\/atsiliepimai\/","title":{"rendered":"Atsiliepimai"},"content":{"rendered":"\n<style>\n.davines-reviews-section {\n  max-width: 1300px;\n  margin: 0 auto 40px;\n  padding: 0 20px;\n}\n\n.davines-reviews-image-wrap {\n  position: relative;\n  z-index: 1;\n}\n\n.davines-reviews-image {\n  width: 100%;\n  height: 420px;\n  object-fit: cover;\n  display: block;\n  border-radius: 28px;\n}\n\n.davines-reviews-card {\n  position: relative;\n  z-index: 2;\n  max-width: 960px;\n  margin: -60px auto 0;\n  background: #f7f4ef;\n  padding: 52px 40px 48px;\n  box-sizing: border-box;\n}\n\n.davines-reviews-kicker {\n  display: block;\n  font-size: 13px;\n  line-height: 1.4;\n  letter-spacing: 0.18em;\n  text-transform: uppercase;\n  color: #a39484;\n  margin-bottom: 20px;\n}\n\n.davines-reviews-title {\n  font-size: 32px;\n  line-height: 1.18;\n  font-weight: 400;\n  color: #1f2a37;\n  margin: 0 0 22px;\n}\n\n.davines-reviews-text {\n  font-size: 16px;\n  line-height: 1.7;\n  color: #5f6975;\n  max-width: 720px;\n  margin: 0 0 28px;\n}\n\n.davines-reviews-btn {\n  display: inline-block;\n  padding: 14px 26px;\n  border: 1px solid #1f2a37;\n  color: #1f2a37 !important;\n  text-decoration: none;\n  font-size: 12px;\n  letter-spacing: 0.14em;\n  text-transform: uppercase;\n  background: transparent;\n  transition: all 0.25s ease;\n}\n\n.davines-reviews-btn:hover {\n  background: #1f2a37;\n  color: #fff !important;\n}\n\n@media (max-width: 1024px) {\n  .davines-reviews-image {\n    height: 360px;\n  }\n\n  .davines-reviews-card {\n    max-width: 90%;\n    margin-top: -45px;\n    padding: 42px 32px 40px;\n  }\n\n  .davines-reviews-title {\n    font-size: 28px;\n  }\n}\n\n@media (max-width: 768px) {\n  .davines-reviews-section {\n    padding: 0 16px;\n  }\n\n  .davines-reviews-image {\n    height: 240px;\n    border-radius: 22px;\n  }\n\n  .davines-reviews-card {\n    max-width: calc(100% - 24px);\n    margin-top: -28px;\n    padding: 28px 22px 30px;\n  }\n\n  .davines-reviews-kicker {\n    font-size: 11px;\n    margin-bottom: 14px;\n  }\n\n  .davines-reviews-title {\n    font-size: 24px;\n    margin-bottom: 14px;\n  }\n\n  .davines-reviews-text {\n    font-size: 15px;\n    line-height: 1.65;\n    margin-bottom: 22px;\n  }\n\n  .davines-reviews-btn {\n    width: 100%;\n    text-align: center;\n    padding: 13px 16px;\n  }\n}\n<\/style>\n\n<section class=\"davines-reviews-section\">\n  <div class=\"davines-reviews-image-wrap\">\n    <img decoding=\"async\"\n      class=\"davines-reviews-image\"\n      src=\"https:\/\/davinesferma.lt\/wp-content\/uploads\/2025\/11\/titulinis-2.webp\"\n      alt=\"Davines Ferma klient\u0173 atsiliepimai\"\n    >\n  <\/div>\n\n  <div class=\"davines-reviews-card\">\n    <span class=\"davines-reviews-kicker\">Tikra patirtis Davines Ferma erdv\u0117se<\/span>\n\n    <h2 class=\"davines-reviews-title\">Klient\u0173 atsiliepimai<\/h2>\n\n    <p class=\"davines-reviews-text\">\n      Tikri \u012fsp\u016bd\u017eiai apie Davines Ferma erdves, atmosfer\u0105 ir \u010dia vykusius renginius.\n      Kvie\u010diame susipa\u017einti su sve\u010di\u0173 patirtimis ir palikti savo atsiliepim\u0105.\n    <\/p>\n\n    <a href=\"#review-form\" class=\"davines-reviews-btn\">Palikti atsiliepim\u0105<\/a>\n  <\/div>\n<\/section>\n\n\n<div class=\"shortcode-site-reviews\"><div class=\"glsr glsr-default\" id=\"glsr_kqolm1ir\" data-from=\"shortcode\" data-shortcode=\"site_reviews\"><div class=\"glsr-reviews-wrap\">\n    <div class=\"glsr-reviews\">\n        <div class=\"glsr-review\" data-id=\"2159\" data-type=\"local\" id=\"review-2159\" data-assigned='[]'>\n    <div class=\"glsr-review-title\"><h4 class=\"glsr-tag-value\">Testuoju<\/h4><\/div>\n    <div class=\"glsr-review-rating\"><div class=\"glsr-star-rating glsr-stars\" role=\"img\" aria-label=\"Rated 5 out of 5 stars\" data-rating=\"5\" data-reviews=\"0\"><span class=\"glsr-star glsr-star-full\" aria-hidden=\"true\"><\/span><span class=\"glsr-star glsr-star-full\" aria-hidden=\"true\"><\/span><span class=\"glsr-star glsr-star-full\" aria-hidden=\"true\"><\/span><span class=\"glsr-star glsr-star-full\" aria-hidden=\"true\"><\/span><span class=\"glsr-star glsr-star-full\" aria-hidden=\"true\"><\/span><\/div><\/div> <div class=\"glsr-review-date\"><span class=\"glsr-tag-value\">Aprile 9, 2026<\/span><\/div>\n    \n    <div class=\"glsr-review-content\"><div class=\"glsr-tag-value\" data-expanded=\"false\"><p>Testuoju atsilieipma be nuotraukos<\/p><\/div><\/div> \n    \n    <div class=\"glsr-review-author\"><span class=\"glsr-tag-value\">Erikas<\/span><\/div>  \n    \n<\/div>\n<div class=\"glsr-review\" data-id=\"2160\" data-type=\"local\" id=\"review-2160\" data-assigned='[]'>\n    <div class=\"glsr-review-title\"><h4 class=\"glsr-tag-value\">Su nuotrauka<\/h4><\/div>\n    <div class=\"glsr-review-rating\"><div class=\"glsr-star-rating glsr-stars\" role=\"img\" aria-label=\"Rated 5 out of 5 stars\" data-rating=\"5\" data-reviews=\"0\"><span class=\"glsr-star glsr-star-full\" aria-hidden=\"true\"><\/span><span class=\"glsr-star glsr-star-full\" aria-hidden=\"true\"><\/span><span class=\"glsr-star glsr-star-full\" aria-hidden=\"true\"><\/span><span class=\"glsr-star glsr-star-full\" aria-hidden=\"true\"><\/span><span class=\"glsr-star glsr-star-full\" aria-hidden=\"true\"><\/span><\/div><\/div> <div class=\"glsr-review-date\"><span class=\"glsr-tag-value\">Aprile 9, 2026<\/span><\/div>\n    \n    <div class=\"glsr-review-content\"><div class=\"glsr-tag-value\" data-expanded=\"false\"><p>Testuoju atsiliepima su nuotrauka<\/p><\/div><\/div> <div class=\"glsr-review-images spotlight-group\"><a href=\"https:\/\/davinesferma.lt\/wp-content\/uploads\/site-reviews\/2026\/04\/4-1-1024x683.png\"\n        class=\"glsr-image spotlight\"\n        data-elementor-open-lightbox=\"no\"\n        data-id=\"2161\"\n        data-height=\"683\"\n        data-width=\"1024\"\n                            data-control=\"close,next,page,prev,theme,zoom\"\n            >\n        <img decoding=\"async\" src=\"https:\/\/davinesferma.lt\/wp-content\/uploads\/site-reviews\/2026\/04\/4-1-300x200.png\" width=\"300\" height=\"200\" alt=\"\" loading=\"lazy\">\n    <\/a><\/div>\n    \n    <div class=\"glsr-review-author\"><span class=\"glsr-tag-value\">Erikas<\/span><\/div>  \n    \n<\/div>\n<div class=\"glsr-review\" data-id=\"2162\" data-type=\"local\" id=\"review-2162\" data-assigned='[]'>\n    <div class=\"glsr-review-title\"><h4 class=\"glsr-tag-value\">Testuoju su daugiau nuotrauk\u0173<\/h4><\/div>\n    <div class=\"glsr-review-rating\"><div class=\"glsr-star-rating glsr-stars\" role=\"img\" aria-label=\"Rated 5 out of 5 stars\" data-rating=\"5\" data-reviews=\"0\"><span class=\"glsr-star glsr-star-full\" aria-hidden=\"true\"><\/span><span class=\"glsr-star glsr-star-full\" aria-hidden=\"true\"><\/span><span class=\"glsr-star glsr-star-full\" aria-hidden=\"true\"><\/span><span class=\"glsr-star glsr-star-full\" aria-hidden=\"true\"><\/span><span class=\"glsr-star glsr-star-full\" aria-hidden=\"true\"><\/span><\/div><\/div> <div class=\"glsr-review-date\"><span class=\"glsr-tag-value\">Aprile 9, 2026<\/span><\/div>\n    \n    <div class=\"glsr-review-content\"><div class=\"glsr-tag-value\" data-expanded=\"false\"><p>daugiau nuotrauk\u0173 testavimas<\/p><\/div><\/div> <div class=\"glsr-review-images spotlight-group\"><a href=\"https:\/\/davinesferma.lt\/wp-content\/uploads\/site-reviews\/2026\/04\/1-1024x682.png\"\n        class=\"glsr-image spotlight\"\n        data-elementor-open-lightbox=\"no\"\n        data-id=\"2163\"\n        data-height=\"682\"\n        data-width=\"1024\"\n                            data-control=\"close,next,page,prev,theme,zoom\"\n            >\n        <img decoding=\"async\" src=\"https:\/\/davinesferma.lt\/wp-content\/uploads\/site-reviews\/2026\/04\/1-300x200.png\" width=\"300\" height=\"200\" alt=\"\" loading=\"lazy\">\n    <\/a>\n    <a href=\"https:\/\/davinesferma.lt\/wp-content\/uploads\/site-reviews\/2026\/04\/3.png\"\n        class=\"glsr-image spotlight\"\n        data-elementor-open-lightbox=\"no\"\n        data-id=\"2164\"\n        data-height=\"800\"\n        data-width=\"533\"\n                            data-control=\"close,next,page,prev,theme,zoom\"\n            >\n        <img decoding=\"async\" src=\"https:\/\/davinesferma.lt\/wp-content\/uploads\/site-reviews\/2026\/04\/3-200x300.png\" width=\"200\" height=\"300\" alt=\"\" loading=\"lazy\">\n    <\/a>\n    <a href=\"https:\/\/davinesferma.lt\/wp-content\/uploads\/site-reviews\/2026\/04\/22.png\"\n        class=\"glsr-image spotlight\"\n        data-elementor-open-lightbox=\"no\"\n        data-id=\"2165\"\n        data-height=\"667\"\n        data-width=\"1000\"\n                            data-control=\"close,next,page,prev,theme,zoom\"\n            >\n        <img decoding=\"async\" src=\"https:\/\/davinesferma.lt\/wp-content\/uploads\/site-reviews\/2026\/04\/22-300x200.png\" width=\"300\" height=\"200\" alt=\"\" loading=\"lazy\">\n    <\/a><\/div>\n    \n    <div class=\"glsr-review-author\"><span class=\"glsr-tag-value\">Erikas<\/span><\/div>  \n    \n<\/div>\n    <\/div>\n    \n<\/div><\/div><\/div>\n\n\n<div id=\"review-form\">\n  <div class=\"shortcode-site-reviews-form\"><div class=\"glsr glsr-default\" id=\"glsr_t7inbi5g\" data-from=\"shortcode\" data-shortcode=\"site_reviews_form\"><div class=\"glsr-form-wrap\">\n    <form class=\"glsr-form glsr-review-form\" method=\"post\" enctype=\"multipart\/form-data\">\n        <input type=\"hidden\" name=\"site-reviews[_action]\" value=\"submit-review\" \/>\n<input type=\"hidden\" name=\"site-reviews[_nonce]\" value=\"24a0916d44\" \/>\n<input type=\"hidden\" name=\"site-reviews[_post_id]\" value=\"2142\" \/>\n<input type=\"hidden\" name=\"site-reviews[_referer]\" value=\"\" \/>\n<input type=\"hidden\" name=\"site-reviews[assigned_posts]\" value=\"\" \/>\n<input type=\"hidden\" name=\"site-reviews[assigned_terms]\" value=\"\" \/>\n<input type=\"hidden\" name=\"site-reviews[assigned_users]\" value=\"\" \/>\n<input type=\"hidden\" name=\"site-reviews[excluded]\" value=\"\" \/>\n<input type=\"hidden\" name=\"site-reviews[form_id]\" value=\"glsr_t7inbi5g\" \/>\n<input type=\"hidden\" name=\"site-reviews[form_signature]\" value=\"uhJAc6qwCDs3RKh2Hu47Isw2R7csJ51F62rRL7SUNcqPxYBNJEwQOrwp04rICfZlNryrjn6oe0-SF44kGGiMiFZIupFNMCqfIyncO6Hu-DWqA5L4eTDZoqHOE9L4sgGaU4LFM1kiNMNFSpf0idaHA3WwB4k_ZcCBLFDRGC1LvFuGGH-VO23ea46U1ityUw4U017v75SLEf48_cxoZ4BMq6TpvG55fKIhVPgmsq86S6vHL_07heOeG32AEIDSzlKvIQsqlRRsCkx44vy4Z3NX1il0xyS1FlAZnQavlf4HaqRuQtMJ1spbCKsvZ4R43Yj6frstxarySjmM9X0T5rMGLtNqfbmgPEKdAzc5yHF-E6uRdPkwwNcrtnjRJxa2GPsKlLMkWTxTlAYoKboDmAfmGlccM0kvxNsd508BBS_XVUaGRRu43AoICZf7j30\" \/>\n<input type=\"hidden\" name=\"site-reviews[terms_exist]\" value=\"1\" \/>\n<div class=\"glsr-field\" style=\"display:none;\"><label for=\"site-reviews-901bb13a-glsr_t7inbi5g\">Your review<\/label><input type=\"text\" class=\"glsr-input glsr-input-text\" id=\"site-reviews-901bb13a-glsr_t7inbi5g\" name=\"site-reviews[901bb13a]\" value=\"\" \/><\/div>\n<div class=\"glsr-field glsr-field-rating glsr-required\" data-field=\"rating\" data-type=\"rating\">\n    <label class=\"glsr-label\" for=\"glsr_t7inbi5g-rating\">\n    <span>Your overall rating<\/span>\n<\/label>\n    <select class=\"browser-default disable-select glsr-select no-wrap no_wrap\" id=\"glsr_t7inbi5g-rating\" name=\"site-reviews[rating]\" required><option value=\"\">Select a Rating<\/option><option value=\"5\">5 Stars<\/option><option value=\"4\">4 Stars<\/option><option value=\"3\">3 Stars<\/option><option value=\"2\">2 Stars<\/option><option value=\"1\">1 Star<\/option><\/select>\n    <div class=\"glsr-field-error\"><\/div>\n<\/div>\n<div class=\"glsr-field glsr-field-text glsr-required\" data-field=\"title\" data-type=\"text\">\n    <label class=\"glsr-label\" for=\"glsr_t7inbi5g-title\">\n    <span>Title of your review<\/span>\n<\/label>\n    <input type=\"text\" class=\"glsr-input glsr-input-text\" id=\"glsr_t7inbi5g-title\" name=\"site-reviews[title]\" required placeholder=\"Summarize your review or highlight an interesting detail\" value=\"\" \/>\n    <div class=\"glsr-field-error\"><\/div>\n<\/div>\n<div class=\"glsr-field glsr-field-textarea glsr-required\" data-field=\"content\" data-type=\"textarea\">\n    <label class=\"glsr-label\" for=\"glsr_t7inbi5g-content\">\n    <span>Your review<\/span>\n<\/label>\n    <textarea class=\"glsr-textarea\" id=\"glsr_t7inbi5g-content\" name=\"site-reviews[content]\" required placeholder=\"Tell people your review\" rows=\"5\"><\/textarea>\n    <div class=\"glsr-field-error\"><\/div>\n<\/div>\n<div class=\"glsr-field glsr-field-text glsr-required\" data-field=\"name\" data-type=\"text\">\n    <label class=\"glsr-label\" for=\"glsr_t7inbi5g-name\">\n    <span>Your name<\/span>\n<\/label>\n    <input type=\"text\" class=\"glsr-input glsr-input-text\" id=\"glsr_t7inbi5g-name\" name=\"site-reviews[name]\" required placeholder=\"Tell us your name\" value=\"\" \/>\n    <div class=\"glsr-field-error\"><\/div>\n<\/div>\n<div class=\"glsr-field glsr-field-email glsr-required\" data-field=\"email\" data-type=\"email\">\n    <label class=\"glsr-label\" for=\"glsr_t7inbi5g-email\">\n    <span>Your email<\/span>\n<\/label>\n    <input type=\"email\" class=\"glsr-input glsr-input-email\" id=\"glsr_t7inbi5g-email\" name=\"site-reviews[email]\" required placeholder=\"Tell us your email\" value=\"\" \/>\n    <div class=\"glsr-field-error\"><\/div>\n<\/div>\n<div class=\"glsr-field glsr-field-dropzone\" data-field=\"images\" data-type=\"dropzone\">\n    <label class=\"glsr-label\" for=\"glsr_t7inbi5g-images\">\n    <span>Do you have photos to share?<\/span>\n<\/label>\n    <span class=\"glsr-dropzone glsr-span\" id=\"glsr_t7inbi5g-images\"><input type=\"hidden\" data-dz-images=\"1\" data-glsr-validate=\"1\" name=\"site-reviews[images]\" value=\"\" \/><span class=\"glsr-fallback\">\n    <input type=\"file\" multiple name=\"files\" accept=\"image\/avif,image\/jpeg,image\/png,image\/webp\">\n<\/span>\n<span class=\"glsr-dz-message dz-message\">\n    <button type=\"button\" class=\"glsr-dz-button dz-button\">\n        Drag & Drop your photos or <span>Browse<\/span>    <\/button>\n<\/span><\/span>\n    <div class=\"glsr-field-error\"><\/div>\n<\/div>\n<div class=\"glsr-field glsr-field-choice glsr-required\" data-field=\"terms\" data-type=\"toggle\">\n    \n    <div class=\"glsr-field-subgroup\">\n        <span class=\"glsr-field-toggle\">\n    <span>\n        <span class=\"glsr-toggle\"><input type=\"checkbox\" class=\"glsr-input-toggle\" id=\"glsr_t7inbi5g-terms-1\" name=\"site-reviews[terms]\" required value=\"1\" \/><span class=\"glsr-toggle-track\"><\/span><\/span>\n    <\/span>\n    <label for=\"glsr_t7inbi5g-terms-1\">This review is based on my own experience and is my genuine opinion.<\/label>\n<\/span>\n    <\/div>\n    <div class=\"glsr-field-error\"><\/div>\n<\/div>\n        <div class=\"glsr-form-message\">\n    \n<\/div>\n        <div data-field=\"submit-button\">\n    <div class=\"wp-block-buttons is-layout-flex\">\n        <div class=\"wp-block-button\">\n            <button type=\"submit\" class=\"glsr-button wp-block-button__link wp-element-button\" aria-busy=\"false\" data-loading=\"Submitting, please wait...\">Submit Review<\/button>\n        <\/div>\n    <\/div>\n<\/div>\n    <\/form>\n<\/div><\/div><\/div>\n<\/div>\n\n\n\n<p><\/p>\n","protected":false},"excerpt":{"rendered":"<p>Tikra patirtis Davines Ferma erdv\u0117se Klient\u0173 atsiliepimai Tikri \u012fsp\u016bd\u017eiai apie Davines Ferma erdves, atmosfer\u0105 ir \u010dia vykusius renginius. Kvie\u010diame susipa\u017einti su sve\u010di\u0173 patirtimis ir palikti savo atsiliepim\u0105. Palikti atsiliepim\u0105<\/p>","protected":false},"author":1,"featured_media":0,"parent":0,"menu_order":0,"comment_status":"closed","ping_status":"closed","template":"","meta":{"_uag_custom_page_level_css":"","site-sidebar-layout":"default","site-content-layout":"","ast-site-content-layout":"default","site-content-style":"default","site-sidebar-style":"default","ast-global-header-display":"","ast-banner-title-visibility":"","ast-main-header-display":"","ast-hfb-above-header-display":"","ast-hfb-below-header-display":"","ast-hfb-mobile-header-display":"","site-post-title":"","ast-breadcrumbs-content":"","ast-featured-img":"","footer-sml-layout":"","ast-disable-related-posts":"","theme-transparent-header-meta":"","adv-header-id-meta":"","stick-header-meta":"","header-above-stick-meta":"","header-main-stick-meta":"","header-below-stick-meta":"","astra-migrate-meta-layouts":"default","ast-page-background-enabled":"default","ast-page-background-meta":{"desktop":{"background-color":"var(--ast-global-color-4)","background-image":"","background-repeat":"repeat","background-position":"center center","background-size":"auto","background-attachment":"scroll","background-type":"","background-media":"","overlay-type":"","overlay-color":"","overlay-opacity":"","overlay-gradient":""},"tablet":{"background-color":"","background-image":"","background-repeat":"repeat","background-position":"center center","background-size":"auto","background-attachment":"scroll","background-type":"","background-media":"","overlay-type":"","overlay-color":"","overlay-opacity":"","overlay-gradient":""},"mobile":{"background-color":"","background-image":"","background-repeat":"repeat","background-position":"center center","background-size":"auto","background-attachment":"scroll","background-type":"","background-media":"","overlay-type":"","overlay-color":"","overlay-opacity":"","overlay-gradient":""}},"ast-content-background-meta":{"desktop":{"background-color":"var(--ast-global-color-5)","background-image":"","background-repeat":"repeat","background-position":"center center","background-size":"auto","background-attachment":"scroll","background-type":"","background-media":"","overlay-type":"","overlay-color":"","overlay-opacity":"","overlay-gradient":""},"tablet":{"background-color":"var(--ast-global-color-5)","background-image":"","background-repeat":"repeat","background-position":"center center","background-size":"auto","background-attachment":"scroll","background-type":"","background-media":"","overlay-type":"","overlay-color":"","overlay-opacity":"","overlay-gradient":""},"mobile":{"background-color":"var(--ast-global-color-5)","background-image":"","background-repeat":"repeat","background-position":"center center","background-size":"auto","background-attachment":"scroll","background-type":"","background-media":"","overlay-type":"","overlay-color":"","overlay-opacity":"","overlay-gradient":""}},"_price":"","_stock":"","_tribe_ticket_header":"","_tribe_default_ticket_provider":"","_ticket_start_date":"","_ticket_end_date":"","_tribe_ticket_show_description":"","_tribe_ticket_show_not_going":false,"_tribe_ticket_use_global_stock":"","_tribe_ticket_global_stock_level":"","_global_stock_mode":"","_global_stock_cap":"","_tribe_rsvp_for_event":"","_tribe_ticket_going_count":"","_tribe_ticket_not_going_count":"","_tribe_tickets_list":"[]","_tribe_ticket_has_attendee_info_fields":false,"_glsr_average":0,"_glsr_ranking":0,"_glsr_reviews":0,"footnotes":"","_tec_slr_enabled":"","_tec_slr_layout":""},"class_list":["post-2142","page","type-page","status-publish","hentry"],"uagb_featured_image_src":{"full":false,"thumbnail":false,"medium":false,"medium_large":false,"large":false,"1536x1536":false,"2048x2048":false,"trp-custom-language-flag":false,"woocommerce_thumbnail":false,"woocommerce_single":false,"woocommerce_gallery_thumbnail":false},"uagb_author_info":{"display_name":"Erikas","author_link":"https:\/\/davinesferma.lt\/it\/author\/arcikauskas-erikasgmail-com\/"},"uagb_comment_info":0,"uagb_excerpt":"Tikra patirtis Davines Ferma erdv\u0117se Klient\u0173 atsiliepimai Tikri \u012fsp\u016bd\u017eiai apie Davines Ferma erdves, atmosfer\u0105 ir \u010dia vykusius renginius. Kvie\u010diame susipa\u017einti su sve\u010di\u0173 patirtimis ir palikti savo atsiliepim\u0105. Palikti atsiliepim\u0105","ticketed":false,"_links":{"self":[{"href":"https:\/\/davinesferma.lt\/it\/wp-json\/wp\/v2\/pages\/2142","targetHints":{"allow":["GET"]}}],"collection":[{"href":"https:\/\/davinesferma.lt\/it\/wp-json\/wp\/v2\/pages"}],"about":[{"href":"https:\/\/davinesferma.lt\/it\/wp-json\/wp\/v2\/types\/page"}],"author":[{"embeddable":true,"href":"https:\/\/davinesferma.lt\/it\/wp-json\/wp\/v2\/users\/1"}],"replies":[{"embeddable":true,"href":"https:\/\/davinesferma.lt\/it\/wp-json\/wp\/v2\/comments?post=2142"}],"version-history":[{"count":12,"href":"https:\/\/davinesferma.lt\/it\/wp-json\/wp\/v2\/pages\/2142\/revisions"}],"predecessor-version":[{"id":2180,"href":"https:\/\/davinesferma.lt\/it\/wp-json\/wp\/v2\/pages\/2142\/revisions\/2180"}],"wp:attachment":[{"href":"https:\/\/davinesferma.lt\/it\/wp-json\/wp\/v2\/media?parent=2142"}],"curies":[{"name":"wp","href":"https:\/\/api.w.org\/{rel}","templated":true}]}}